{"id":27,"date":"2022-03-09T08:35:14","date_gmt":"2022-03-09T08:35:14","guid":{"rendered":"https:\/\/opeixblau.com\/?page_id=27"},"modified":"2023-10-30T19:02:57","modified_gmt":"2023-10-30T19:02:57","slug":"quienes-somos","status":"publish","type":"page","link":"https:\/\/opeixblau.com\/es\/quienes-somos\/","title":{"rendered":"OPP87"},"content":{"rendered":"<h2>Qui som?<\/h2>\n\n\n<p>L&#8217;Associaci\u00f3 \u201cOrganitzaci\u00f3 de Productors Pesquers Peix Blau de Catalunya\u201d, OPP 87, es constitueix el 19 de desembre de 2019. Una associaci\u00f3 que rep el seu reconeixement per part de la Generalitat de Catalunya, Departament d&#8217;Acci\u00f3 Clim\u00e0tica, Alimentaci\u00f3 i Agenda Rural, Direcci\u00f3 General de Pesca i Afers Mar\u00edtims, per resoluci\u00f3 amb data del 27 de gener de 2021.<br>Tots els vaixells operen en la Mar Mediterr\u00e0nia, corresponent a la subzona FAO 37.1 Mediterrani occidental o Mediterrani oest.<br>Les esp\u00e8cies m\u00e9s importants s\u00f3n seit\u00f3, sardina i alatxa.<\/p>\n\n\n\n<p>L&#8217;OPP87 assumeix les seg\u00fcents obligacions per a garantir l&#8217;exercici racional de la pesca i millorar les condicions de venda de la producci\u00f3 d&#8217;associats:<\/p>\n\n\n\n<p>\u2013 Fomentar l&#8217;exercici d&#8217;activitats pesqueres sostenibles.<br>\u2013 Programar la producci\u00f3 i la seva adaptaci\u00f3 a la demanda.<br>\u2013 Promoure la concentraci\u00f3 de l&#8217;oferta i l&#8217;estabilitat i increment dels preus.<br>\u2013 Establir normes en mat\u00e8ria de gesti\u00f3 de les pesqueres i de comercialitzaci\u00f3 de les esp\u00e8cies per a les quals es constitueix.<br>El seu \u00e0mbit d&#8217;actuaci\u00f3 se situa en l&#8217;\u00e0mbit territorial de les prov\u00edncies de Girona i Barcelona i compr\u00e8n al segment de pesca local. &nbsp;El n\u00famero de vaixells adherits en l\u2019actualitat son 17, la totalitat dels quals exerceixen la pesca amb arts d&#8217;encerclament.<\/p>\n\n\n\n<h2 class=\"wp-block-heading\">Organigrama<\/h2>\n\n\n\n<p><strong>Presid\u00e8ncia<\/strong>: Carmelo Mart\u00ednez Mart\u00ednez<\/p>\n\n\n\n<p><strong>Vicepresid\u00e8ncia<\/strong>: Eduard Esteve Palaus<\/p>\n\n\n\n<p><strong>Secretaria<\/strong>: Gerard Benavides Rodr\u00edguez<\/p>\n\n\n\n<p><strong>Tresoreria<\/strong>:Ram\u00f3n Cayuela Caparr\u00f3s<\/p>\n\n\n\n<p><strong>Vocalies<\/strong>:Jos\u00e9&nbsp;Palaus&nbsp;Juan<\/p>\n\n\n\n<p>Llu\u00eds Sureda Barrag\u00e1n<\/p>\n\n\n\n<p>Fausto Navales Gareta<\/p>\n\n\n\n<p><\/p>\n\n\n\n<p>Carlos Canalda Mauri<\/p>\n\n\n\n<p><strong>Gerent:<\/strong> Marta Felip Palaus&nbsp;<\/p>\n","protected":false},"excerpt":{"rendered":"<p>Qui som? L&#8217;Associaci\u00f3 \u201cOrganitzaci\u00f3 de Productors Pesquers Peix Blau de Catalunya\u201d, OPP 87, es constitueix el 19 de desembre de 2019. Una associaci\u00f3 que rep el seu reconeixement per part de la Generalitat de Catalunya, Departament d&#8217;Acci\u00f3 Clim\u00e0tica, Alimentaci\u00f3 i &hellip; <a href=\"https:\/\/opeixblau.com\/es\/quienes-somos\/\">Continuar<\/a><\/p>\n","protected":false},"author":1,"featured_media":0,"parent":0,"menu_order":0,"comment_status":"closed","ping_status":"closed","template":"","meta":{"kt_blocks_editor_width":"","footnotes":""},"class_list":["post-27","page","type-page","status-publish","hentry"],"_links":{"self":[{"href":"https:\/\/opeixblau.com\/es\/wp-json\/wp\/v2\/pages\/27","targetHints":{"allow":["GET"]}}],"collection":[{"href":"https:\/\/opeixblau.com\/es\/wp-json\/wp\/v2\/pages"}],"about":[{"href":"https:\/\/opeixblau.com\/es\/wp-json\/wp\/v2\/types\/page"}],"author":[{"embeddable":true,"href":"https:\/\/opeixblau.com\/es\/wp-json\/wp\/v2\/users\/1"}],"replies":[{"embeddable":true,"href":"https:\/\/opeixblau.com\/es\/wp-json\/wp\/v2\/comments?post=27"}],"version-history":[{"count":29,"href":"https:\/\/opeixblau.com\/es\/wp-json\/wp\/v2\/pages\/27\/revisions"}],"predecessor-version":[{"id":857,"href":"https:\/\/opeixblau.com\/es\/wp-json\/wp\/v2\/pages\/27\/revisions\/857"}],"wp:attachment":[{"href":"https:\/\/opeixblau.com\/es\/wp-json\/wp\/v2\/media?parent=27"}],"curies":[{"name":"wp","href":"https:\/\/api.w.org\/{rel}","templated":true}]}}