{"id":40,"date":"2022-03-09T08:41:47","date_gmt":"2022-03-09T08:41:47","guid":{"rendered":"https:\/\/opeixblau.com\/?page_id=40"},"modified":"2022-06-01T15:06:32","modified_gmt":"2022-06-01T15:06:32","slug":"eventos","status":"publish","type":"page","link":"https:\/\/opeixblau.com\/es\/eventos\/","title":{"rendered":"Eventos"},"content":{"rendered":"\n<p>Desde la OPP87 participamos y formamos parte de numerosos eventos. En este apartado queremos mostraros en qu\u00e9 consiste nuestra participaci\u00f3n de qu\u00e9 manera allegamos nuestros productos al consumidor.<\/p>\n\n\n\n<p>Con este apartado pretendemos dar a conocer los eventos de los que formamos parte y tambi\u00e9n los motivos que nos llevan a participar en estas citas.<\/p>\n\n\n\n<p>Siempre tenemos dos caracter\u00edsticas similares y comunes en los eventos de los que formamos parte, una de ellas es nuestro pescado azul y la otra, los asociados de la OPP 87.<\/p>\n\n\n\n<div style=\"height:100px\" aria-hidden=\"true\" class=\"wp-block-spacer\"><\/div>\n","protected":false},"excerpt":{"rendered":"<p>Desde la OPP87 participamos y formamos parte de numerosos eventos. En este apartado queremos mostraros en qu\u00e9 consiste nuestra participaci\u00f3n de qu\u00e9 manera allegamos nuestros productos al consumidor. Con este apartado pretendemos dar a conocer los eventos de los que &hellip; <a href=\"https:\/\/opeixblau.com\/es\/eventos\/\">Continuar<\/a><\/p>\n","protected":false},"author":1,"featured_media":0,"parent":0,"menu_order":0,"comment_status":"closed","ping_status":"closed","template":"","meta":{"kt_blocks_editor_width":"","footnotes":""},"class_list":["post-40","page","type-page","status-publish","hentry"],"_links":{"self":[{"href":"https:\/\/opeixblau.com\/es\/wp-json\/wp\/v2\/pages\/40","targetHints":{"allow":["GET"]}}],"collection":[{"href":"https:\/\/opeixblau.com\/es\/wp-json\/wp\/v2\/pages"}],"about":[{"href":"https:\/\/opeixblau.com\/es\/wp-json\/wp\/v2\/types\/page"}],"author":[{"embeddable":true,"href":"https:\/\/opeixblau.com\/es\/wp-json\/wp\/v2\/users\/1"}],"replies":[{"embeddable":true,"href":"https:\/\/opeixblau.com\/es\/wp-json\/wp\/v2\/comments?post=40"}],"version-history":[{"count":13,"href":"https:\/\/opeixblau.com\/es\/wp-json\/wp\/v2\/pages\/40\/revisions"}],"predecessor-version":[{"id":666,"href":"https:\/\/opeixblau.com\/es\/wp-json\/wp\/v2\/pages\/40\/revisions\/666"}],"wp:attachment":[{"href":"https:\/\/opeixblau.com\/es\/wp-json\/wp\/v2\/media?parent=40"}],"curies":[{"name":"wp","href":"https:\/\/api.w.org\/{rel}","templated":true}]}}