{"id":530,"date":"2022-05-04T10:09:24","date_gmt":"2022-05-04T10:09:24","guid":{"rendered":"https:\/\/opeixblau.com\/es\/?page_id=530"},"modified":"2022-07-11T12:27:32","modified_gmt":"2022-07-11T12:27:32","slug":"objetivos","status":"publish","type":"page","link":"https:\/\/opeixblau.com\/es\/objetivos\/","title":{"rendered":"Objetivos"},"content":{"rendered":"\n<p><\/p>\n\n\n\n<p>La Organizaci\u00f3n de Productores, como entidad reconocida en la legislaci\u00f3n europea, tiene como objetivos gen\u00e9ricos los contemplados en la Pol\u00edtica Pesquera Com\u00fan, dictada por la Comisi\u00f3n Europea y recogida en el Reglamento (UE) N\u00ba 1380\/2013 del Parlamento Europeo y del Consejo.<\/p>\n\n\n\n<p>Espec\u00edficamente contempla las siguientes prioridades:<\/p>\n\n\n\n<ul class=\"wp-block-list\"><li>La gesti\u00f3n conjunta de las pesquer\u00edas de la zona FAO 37.1.<\/li><li>Modernizar la actividad pesquera, con la incorporaci\u00f3n de nuevas tecnolog\u00edas.<\/li><li>Mejorar el conocimiento de la situaci\u00f3n de los recursos pesqueros y colaborar con los centros de investigaci\u00f3n p\u00fablicos y privados.<\/li><li>Reforzar la formaci\u00f3n y cualificaci\u00f3n profesional de los productores asociados.<\/li><li>Conocer el mercado y las tendencias de consumo.<\/li><li>Mejorar la competitividad de la flota.<\/li><li>Obtener un mayor grado de representaci\u00f3n y presencia en los organismos y foros d\u00f3nde se adoptan decisiones sobre la actividad pesquera. <\/li><\/ul>\n","protected":false},"excerpt":{"rendered":"<p>La Organizaci\u00f3n de Productores, como entidad reconocida en la legislaci\u00f3n europea, tiene como objetivos gen\u00e9ricos los contemplados en la Pol\u00edtica Pesquera Com\u00fan, dictada por la Comisi\u00f3n Europea y recogida en el Reglamento (UE) N\u00ba 1380\/2013 del Parlamento Europeo y del &hellip; <a href=\"https:\/\/opeixblau.com\/es\/objetivos\/\">Continuar<\/a><\/p>\n","protected":false},"author":1,"featured_media":0,"parent":0,"menu_order":0,"comment_status":"closed","ping_status":"closed","template":"","meta":{"kt_blocks_editor_width":"","footnotes":""},"class_list":["post-530","page","type-page","status-publish","hentry"],"_links":{"self":[{"href":"https:\/\/opeixblau.com\/es\/wp-json\/wp\/v2\/pages\/530","targetHints":{"allow":["GET"]}}],"collection":[{"href":"https:\/\/opeixblau.com\/es\/wp-json\/wp\/v2\/pages"}],"about":[{"href":"https:\/\/opeixblau.com\/es\/wp-json\/wp\/v2\/types\/page"}],"author":[{"embeddable":true,"href":"https:\/\/opeixblau.com\/es\/wp-json\/wp\/v2\/users\/1"}],"replies":[{"embeddable":true,"href":"https:\/\/opeixblau.com\/es\/wp-json\/wp\/v2\/comments?post=530"}],"version-history":[{"count":5,"href":"https:\/\/opeixblau.com\/es\/wp-json\/wp\/v2\/pages\/530\/revisions"}],"predecessor-version":[{"id":683,"href":"https:\/\/opeixblau.com\/es\/wp-json\/wp\/v2\/pages\/530\/revisions\/683"}],"wp:attachment":[{"href":"https:\/\/opeixblau.com\/es\/wp-json\/wp\/v2\/media?parent=530"}],"curies":[{"name":"wp","href":"https:\/\/api.w.org\/{rel}","templated":true}]}}